{"id":14,"date":"2018-08-23T08:07:31","date_gmt":"2018-08-23T06:07:31","guid":{"rendered":"http:\/\/sumvitgviva.ch\/wordpress\/?page_id=14"},"modified":"2026-04-08T21:07:26","modified_gmt":"2026-04-08T19:07:26","slug":"home","status":"publish","type":"page","link":"https:\/\/sumvitgviva.ch\/de\/","title":{"rendered":"Willkommen"},"content":{"rendered":"<p><\/p>\n<h5 style=\"text-align: left;\"><span style=\"color: #808080;\">30. M\u00e4rz 2026<\/span><\/h5>\n<h2><span style=\"color: #96b522;\"><span style=\"caret-color: #96b522;\">Wir backen Brot<\/span><\/span><\/h2>\n<div dir=\"auto\">\n<div dir=\"auto\">\n<p data-start=\"109\" data-end=\"195\">Am Samstag, 18. April 2026, wird im Backhaus in Sogn Benedetg Brot gebacken.<\/p>\n<p data-start=\"197\" data-end=\"337\">Ab 9.00 Uhr zeigen Vitus und seine Helfer die Kunst des &nbsp;Brotbackens und laden alle Interessierten herzlich zum Mitmachen ein.<\/p>\n<p data-start=\"339\" data-end=\"469\">Wer teilnehmen m\u00f6chte, meldet sich bitte bis sp\u00e4testens 15. April 2026 direkt bei Martin Monn via WhatsApp unter 079 767 59 10 an.<\/p>\n<p><img loading=\"lazy\" decoding=\"async\" class=\"wp-image-1419 alignnone\" src=\"http:\/\/sumvitgviva.ch\/wordpress\/wp-content\/uploads\/2026\/04\/20260418_far-paun-819x1024.jpg\" alt=\"\" width=\"346\" height=\"433\" srcset=\"https:\/\/sumvitgviva.ch\/wordpress\/wp-content\/uploads\/2026\/04\/20260418_far-paun-819x1024.jpg 819w, https:\/\/sumvitgviva.ch\/wordpress\/wp-content\/uploads\/2026\/04\/20260418_far-paun-240x300.jpg 240w, https:\/\/sumvitgviva.ch\/wordpress\/wp-content\/uploads\/2026\/04\/20260418_far-paun-768x960.jpg 768w, https:\/\/sumvitgviva.ch\/wordpress\/wp-content\/uploads\/2026\/04\/20260418_far-paun.jpg 1080w\" sizes=\"(max-width: 346px) 100vw, 346px\" \/><\/p>\n<\/div>\n<div dir=\"auto\">\n<p>&nbsp;<\/p>\n<\/div>\n<h5 style=\"text-align: left;\"><span style=\"color: #808080;\">30. M\u00e4rz 2026<\/span><\/h5>\n<h2><span style=\"color: #96b522;\"><span style=\"caret-color: #96b522;\">Gemeinsamer Arbeitstag<\/span><\/span><\/h2>\n<div dir=\"auto\">\n<div dir=\"auto\">\n<p>Am Samstag, den <strong>16. Mai 2026<\/strong>, laden wir alle freiwillige Helfer ein, an unserem diesj\u00e4hrigen gemeinsamen Arbeitstag f\u00fcr den Unterhalt von verschiedenen Wanderwegen teilzunehmen. Wir treffen uns um 8:00 Uhr auf dem Kirchplatz in Sumvitg. Eigene Handschuhe, geeignete Schuhe und Gartenwerkzeuge vereinfachen unsere Aufr\u00e4umarbeiten. Am Mittag wird ein gemeinsamer Grill-Mittagessen vom Verein offeriert.<\/p>\n<p>Wir freuen uns auf Euch.<\/p>\n<\/div>\n<p><img loading=\"lazy\" decoding=\"async\" class=\"wp-image-1420 alignnone\" src=\"http:\/\/sumvitgviva.ch\/wordpress\/wp-content\/uploads\/2026\/04\/20260516_lavur-cumina-819x1024.jpg\" alt=\"\" width=\"348\" height=\"435\" srcset=\"https:\/\/sumvitgviva.ch\/wordpress\/wp-content\/uploads\/2026\/04\/20260516_lavur-cumina-819x1024.jpg 819w, https:\/\/sumvitgviva.ch\/wordpress\/wp-content\/uploads\/2026\/04\/20260516_lavur-cumina-240x300.jpg 240w, https:\/\/sumvitgviva.ch\/wordpress\/wp-content\/uploads\/2026\/04\/20260516_lavur-cumina-768x960.jpg 768w, https:\/\/sumvitgviva.ch\/wordpress\/wp-content\/uploads\/2026\/04\/20260516_lavur-cumina.jpg 1080w\" sizes=\"(max-width: 348px) 100vw, 348px\" \/><\/p>\n<\/div>\n<\/div>\n<p style=\"text-align: right;\"><a href=\"http:\/\/sumvitgviva.ch\/de\/deutsch-news\/\" target=\"_blank\" rel=\"noopener\">\u00c4ltere Vereinsneuigkeiten findest Du hier.<\/a><\/p>\n<p>&nbsp;<\/p>\n<div class=\"juicer-feed\" data-feed-id=\"sumvitgviva\"><\/div>\n<h2><span style=\"color: #96b522;\">SumvitgViva<\/span><\/h2>\n<p>Der Verein SumvitgViva wurde 2018 gegr\u00fcndet, um gemeinsam eine nachhaltige Entwicklung unseres Dorfes und seine Weiler anzustreben. Wir setzen uns f\u00fcr \u00fcbergeordnete Werte und Ziele der ganzen Bev\u00f6lkerung als Gemeinschaft ein. Denn es steht nicht gut um viele Bergd\u00f6rfer \u2013 auch Sumvitg sp\u00fcrt die negative Entwicklung von Abwanderung, fehlendem Nachwuchs und Verlust von d\u00f6rflichen Institutionen.<\/p>\n<p>&nbsp;<\/p>","protected":false},"excerpt":{"rendered":"<p>30. M\u00e4rz 2026 Wir backen Brot Am Samstag, 18. April 2026, wird im Backhaus in Sogn Benedetg Brot gebacken. Ab 9.00 Uhr zeigen Vitus und seine Helfer die Kunst des &nbsp;Brotbackens und laden alle Interessierten herzlich zum Mitmachen ein. Wer teilnehmen m\u00f6chte, meldet sich bitte bis sp\u00e4testens 15. April 2026 direkt bei Martin Monn via &hellip; <a href=\"https:\/\/sumvitgviva.ch\/de\/\" class=\"more-link\"><span class=\"screen-reader-text\">Willkommen<\/span> weiterlesen<\/a><\/p>\n","protected":false},"author":3,"featured_media":0,"parent":0,"menu_order":0,"comment_status":"closed","ping_status":"closed","template":"","meta":{"ngg_post_thumbnail":0,"footnotes":""},"_links":{"self":[{"href":"https:\/\/sumvitgviva.ch\/de\/wp-json\/wp\/v2\/pages\/14"}],"collection":[{"href":"https:\/\/sumvitgviva.ch\/de\/wp-json\/wp\/v2\/pages"}],"about":[{"href":"https:\/\/sumvitgviva.ch\/de\/wp-json\/wp\/v2\/types\/page"}],"author":[{"embeddable":true,"href":"https:\/\/sumvitgviva.ch\/de\/wp-json\/wp\/v2\/users\/3"}],"replies":[{"embeddable":true,"href":"https:\/\/sumvitgviva.ch\/de\/wp-json\/wp\/v2\/comments?post=14"}],"version-history":[{"count":231,"href":"https:\/\/sumvitgviva.ch\/de\/wp-json\/wp\/v2\/pages\/14\/revisions"}],"predecessor-version":[{"id":1424,"href":"https:\/\/sumvitgviva.ch\/de\/wp-json\/wp\/v2\/pages\/14\/revisions\/1424"}],"wp:attachment":[{"href":"https:\/\/sumvitgviva.ch\/de\/wp-json\/wp\/v2\/media?parent=14"}],"curies":[{"name":"wp","href":"https:\/\/api.w.org\/{rel}","templated":true}]}}