{"id":545,"date":"2021-11-26T10:42:08","date_gmt":"2021-11-26T09:42:08","guid":{"rendered":"http:\/\/sumvitgviva.ch\/?page_id=545"},"modified":"2025-11-30T07:53:04","modified_gmt":"2025-11-30T06:53:04","slug":"steila-da-sumvitg","status":"publish","type":"page","link":"https:\/\/sumvitgviva.ch\/de\/steila-da-sumvitg\/","title":{"rendered":"Steila da Sumvitg"},"content":{"rendered":"<p>Bereits seit 2018 wird die \u00abSteila da Sumvitg\u00bb j\u00e4hrlich am <a href=\"http:\/\/sumvitgviva.ch\/de\/sera-advent\/\">Adventsabend<\/a> an einer Person oder einem Verein \u00fcberreicht um dessen gute Taten f\u00fcr uns uns unsere Gemeinschaft zu w\u00fcrdigen.<\/p>\n<p>Wer hat Deiner Meinung nach eine \u00abSteila da Sumvitg\u00bb verdient? Schicke uns Deine Ideen und Inputs an&nbsp;<a href=\"mailto:info@sumvitgviva.ch\">info@sumvitgviva.ch<\/a>.<\/p>\n<h2>Steila da Sumvitg 2025<\/h2>\n<p>Dieses Jahr ging die Auszeichnung an den Verein <a href=\"https:\/\/www.dunnasvinavon.ch\" target=\"_blank\" rel=\"noopener\">\u00abdunnas VINAVON\u00bb<\/a>&nbsp;als Anerkennung f\u00fcr ihren grossen Einsatz und ihren Mut, den Verein neu aufleben zu lassen. Herzliche Gratulation!<\/p>\n<p><img loading=\"lazy\" decoding=\"async\" class=\"aligncenter size-large wp-image-1386\" src=\"http:\/\/sumvitgviva.ch\/wordpress\/wp-content\/uploads\/2025\/11\/IMG_8692-web-1024x683.jpg\" alt=\"\" width=\"740\" height=\"494\" srcset=\"https:\/\/sumvitgviva.ch\/wordpress\/wp-content\/uploads\/2025\/11\/IMG_8692-web-1024x683.jpg 1024w, https:\/\/sumvitgviva.ch\/wordpress\/wp-content\/uploads\/2025\/11\/IMG_8692-web-300x200.jpg 300w, https:\/\/sumvitgviva.ch\/wordpress\/wp-content\/uploads\/2025\/11\/IMG_8692-web-768x512.jpg 768w, https:\/\/sumvitgviva.ch\/wordpress\/wp-content\/uploads\/2025\/11\/IMG_8692-web-1536x1024.jpg 1536w, https:\/\/sumvitgviva.ch\/wordpress\/wp-content\/uploads\/2025\/11\/IMG_8692-web.jpg 1600w\" sizes=\"(max-width: 740px) 100vw, 740px\" \/><\/p>\n<p>&nbsp;<\/p>\n<h2>Steila da Sumvitg 2024<\/h2>\n<p>Die 6. \u00abSteila da Sumvitg\u00bb 2024 durften wir &nbsp;an Martin Candinas \u00fcberreichen. Auch dieses Jahr steht der Stern im Mittelpunkt als Zeichen der Anerkennung und des Dankes f\u00fcr den Einsatz des Geehrten. Ein grosser Dank geht an Martin Candinas f\u00fcr seinen Einsatz f\u00fcr uns und unsere Gemeinschaft sowie f\u00fcr seinen Besuch an unserem Adventsabend 2024.<\/p>\n<p><img loading=\"lazy\" decoding=\"async\" class=\"aligncenter wp-image-1185 size-large\" src=\"http:\/\/sumvitgviva.ch\/wordpress\/wp-content\/uploads\/2024\/12\/IMG_7882-1024x683.jpg\" alt=\"\" width=\"740\" height=\"494\" srcset=\"https:\/\/sumvitgviva.ch\/wordpress\/wp-content\/uploads\/2024\/12\/IMG_7882-1024x683.jpg 1024w, https:\/\/sumvitgviva.ch\/wordpress\/wp-content\/uploads\/2024\/12\/IMG_7882-300x200.jpg 300w, https:\/\/sumvitgviva.ch\/wordpress\/wp-content\/uploads\/2024\/12\/IMG_7882-768x512.jpg 768w, https:\/\/sumvitgviva.ch\/wordpress\/wp-content\/uploads\/2024\/12\/IMG_7882-1536x1024.jpg 1536w, https:\/\/sumvitgviva.ch\/wordpress\/wp-content\/uploads\/2024\/12\/IMG_7882-2048x1365.jpg 2048w, https:\/\/sumvitgviva.ch\/wordpress\/wp-content\/uploads\/2024\/12\/IMG_7882-2000x1333.jpg 2000w\" sizes=\"(max-width: 740px) 100vw, 740px\" \/><\/p>\n<h2>&nbsp;<\/h2>\n<h2>Steila da Sumvitg 2023<\/h2>\n<p>Die \u00abSteila da Sumvitg\u00bb 2023 wurde dem Chor mischedau Sumvitg\/Cumpadials \u00fcberreicht. Wir m\u00f6chten dem Chor herzlich zu dieser wohlverdienten Auszeichnung gratulieren und freuen uns jetzt schon auf das Konzert am 15. und 17. Dezember 2023 in der Kirche Sumvitg zusammen mit der Societad da musica Sumvitg\/Cumpadials.<\/p>\n<p><img loading=\"lazy\" decoding=\"async\" class=\"aligncenter size-large wp-image-887\" src=\"http:\/\/sumvitgviva.ch\/wordpress\/wp-content\/uploads\/2023\/12\/IMG_7017-1024x683.jpg\" alt=\"\" width=\"740\" height=\"494\" srcset=\"https:\/\/sumvitgviva.ch\/wordpress\/wp-content\/uploads\/2023\/12\/IMG_7017-1024x683.jpg 1024w, https:\/\/sumvitgviva.ch\/wordpress\/wp-content\/uploads\/2023\/12\/IMG_7017-300x200.jpg 300w, https:\/\/sumvitgviva.ch\/wordpress\/wp-content\/uploads\/2023\/12\/IMG_7017-768x512.jpg 768w, https:\/\/sumvitgviva.ch\/wordpress\/wp-content\/uploads\/2023\/12\/IMG_7017-1536x1024.jpg 1536w, https:\/\/sumvitgviva.ch\/wordpress\/wp-content\/uploads\/2023\/12\/IMG_7017-2048x1366.jpg 2048w, https:\/\/sumvitgviva.ch\/wordpress\/wp-content\/uploads\/2023\/12\/IMG_7017-2000x1334.jpg 2000w\" sizes=\"(max-width: 740px) 100vw, 740px\" \/><\/p>\n<h2>&nbsp;<\/h2>\n<h2>Steila da Sumvitg 2022<\/h2>\n<p style=\"font-weight: 400;\">Der Sumvitger Stern wurde 2022 den an der Umnutzung des Schulhauses Sumvitg im Wohnungen beteiligen Gemeindebeh\u00f6rden und Personen \u00fcberreicht. Alt Gemeindepr\u00e4sident Armin Candinas nahm die Auszeichnung entgegen. Dank der Projektrealisierung profitiert unser Dorf von neuen Bewohnern und zwei jungen Familien mit Kindern.<\/p>\n<p><img loading=\"lazy\" decoding=\"async\" class=\"aligncenter size-large wp-image-717\" src=\"http:\/\/sumvitgviva.ch\/wordpress\/wp-content\/uploads\/2022\/11\/IMG_6846_low-1024x683.jpg\" alt=\"\" width=\"740\" height=\"494\" srcset=\"https:\/\/sumvitgviva.ch\/wordpress\/wp-content\/uploads\/2022\/11\/IMG_6846_low-1024x683.jpg 1024w, https:\/\/sumvitgviva.ch\/wordpress\/wp-content\/uploads\/2022\/11\/IMG_6846_low-300x200.jpg 300w, https:\/\/sumvitgviva.ch\/wordpress\/wp-content\/uploads\/2022\/11\/IMG_6846_low-768x512.jpg 768w, https:\/\/sumvitgviva.ch\/wordpress\/wp-content\/uploads\/2022\/11\/IMG_6846_low.jpg 1500w\" sizes=\"(max-width: 740px) 100vw, 740px\" \/><\/p>\n<p>&nbsp;<\/p>\n<h2>Steila da Sumvitg 2021<\/h2>\n<p>Die \u00abSteila da Sumvitg\u00bb 2021 wurde unserem Dorfladen \u00fcberreicht. Jedoch w\u00e4re dieser Laden nichts ohne die Damen, die dort arbeiten. Sie sind t\u00e4glich f\u00fcr uns da und gew\u00e4hrleisten, dass wir unsere allt\u00e4gliche Eink\u00e4ufe erledigen k\u00f6nnen. Ein grosses Dankesch\u00f6n an Euch, liebe Adelina, Assunta, Renata und Sandra f\u00fcr Euren Einsatz f\u00fcr unsere Gemeinschaft!<\/p>\n<p><img loading=\"lazy\" decoding=\"async\" class=\"aligncenter size-large wp-image-570\" src=\"http:\/\/sumvitgviva.ch\/wordpress\/wp-content\/uploads\/2021\/12\/steila-2021-8-1024x683.jpg\" alt=\"\" width=\"740\" height=\"494\" srcset=\"https:\/\/sumvitgviva.ch\/wordpress\/wp-content\/uploads\/2021\/12\/steila-2021-8-1024x683.jpg 1024w, https:\/\/sumvitgviva.ch\/wordpress\/wp-content\/uploads\/2021\/12\/steila-2021-8-300x200.jpg 300w, https:\/\/sumvitgviva.ch\/wordpress\/wp-content\/uploads\/2021\/12\/steila-2021-8-768x512.jpg 768w, https:\/\/sumvitgviva.ch\/wordpress\/wp-content\/uploads\/2021\/12\/steila-2021-8-2000x1333.jpg 2000w\" sizes=\"(max-width: 740px) 100vw, 740px\" \/><\/p>\n<h2>&nbsp;<\/h2>\n<h2>Steila da Sumvitg 2020<\/h2>\n<p>Aufgrund der Covid19-Panemie musste das Fest unseres Gewinners der \u00abSteila da Sumvitg\u00bb 2019 \u2013 dem Musikverein Sumvitg\/Cumpadials \u2013 leider verschoben werden. SumvitgViva w\u00fcnsch aber viel Freude mit der Organisation vom \u00ab125+ 1 onn Societad da musica Sumvitg\/Cumpadials\u00bb-Fest und freut sich auf die Feier im Sommer 2021!<\/p>\n<p>&nbsp;<\/p>\n<h2>Steila da Sumvitg 2019<\/h2>\n<p>Unsere zweite \u00abSteila da Sumvitg\u00bb wurde dem Musikverein Sumvitg\/Cumpadials \u00fcberreicht. Der Verein darf im n\u00e4chsten Sommer bereits sein 125-j\u00e4hriges-Bestehen feiern. Ein herzliches Dankesch\u00f6n f\u00fcr ihren kulturellen Einsatz. Wir w\u00fcnschen ihnen im n\u00e4chsten Sommer ein tolles Fest.<\/p>\n<p><img loading=\"lazy\" decoding=\"async\" class=\"aligncenter size-large wp-image-522\" src=\"http:\/\/sumvitgviva.ch\/wordpress\/wp-content\/uploads\/2018\/09\/IMG_5279-1024x683.jpg\" alt=\"\" width=\"740\" height=\"494\" srcset=\"https:\/\/sumvitgviva.ch\/wordpress\/wp-content\/uploads\/2018\/09\/IMG_5279-1024x683.jpg 1024w, https:\/\/sumvitgviva.ch\/wordpress\/wp-content\/uploads\/2018\/09\/IMG_5279-300x200.jpg 300w, https:\/\/sumvitgviva.ch\/wordpress\/wp-content\/uploads\/2018\/09\/IMG_5279-768x512.jpg 768w, https:\/\/sumvitgviva.ch\/wordpress\/wp-content\/uploads\/2018\/09\/IMG_5279.jpg 1800w\" sizes=\"(max-width: 740px) 100vw, 740px\" \/><\/p>\n<p>&nbsp;<\/p>\n<h2>Steila da Sumvitg 2018<\/h2>\n<p>Die erste \u00abSteila da Sumvitg 2018\u00bb wurde an Aluis Cathomas (79) \u00fcberreicht, f\u00fcr seine grossen Verdienste als langj\u00e4hriger, treuer Totengr\u00e4ber und Friedhofmitarbeiter und als zuvorkommenden Mitmenschen, dessen Augen jeweils strahlen, wenn er \u00fcber seine Arbeit oder seine Hobbys redet.<\/p>\n<p><img loading=\"lazy\" decoding=\"async\" class=\"aligncenter wp-image-241 size-large\" src=\"http:\/\/sumvitgviva.ch\/wordpress\/wp-content\/uploads\/2018\/12\/IMG_4942-683x1024.jpg\" alt=\"\" width=\"683\" height=\"1024\" srcset=\"https:\/\/sumvitgviva.ch\/wordpress\/wp-content\/uploads\/2018\/12\/IMG_4942-683x1024.jpg 683w, https:\/\/sumvitgviva.ch\/wordpress\/wp-content\/uploads\/2018\/12\/IMG_4942-200x300.jpg 200w, https:\/\/sumvitgviva.ch\/wordpress\/wp-content\/uploads\/2018\/12\/IMG_4942-768x1152.jpg 768w, https:\/\/sumvitgviva.ch\/wordpress\/wp-content\/uploads\/2018\/12\/IMG_4942.jpg 800w\" sizes=\"(max-width: 683px) 100vw, 683px\" \/><\/p>","protected":false},"excerpt":{"rendered":"<p>Bereits seit 2018 wird die \u00abSteila da Sumvitg\u00bb j\u00e4hrlich am Adventsabend an einer Person oder einem Verein \u00fcberreicht um dessen gute Taten f\u00fcr uns uns unsere Gemeinschaft zu w\u00fcrdigen. Wer hat Deiner Meinung nach eine \u00abSteila da Sumvitg\u00bb verdient? Schicke uns Deine Ideen und Inputs an&nbsp;info@sumvitgviva.ch. Steila da Sumvitg 2025 Dieses Jahr ging die Auszeichnung &hellip; <a href=\"https:\/\/sumvitgviva.ch\/de\/steila-da-sumvitg\/\" class=\"more-link\"><span class=\"screen-reader-text\">Steila da Sumvitg<\/span> weiterlesen<\/a><\/p>\n","protected":false},"author":3,"featured_media":0,"parent":0,"menu_order":0,"comment_status":"closed","ping_status":"closed","template":"","meta":{"ngg_post_thumbnail":0,"footnotes":""},"_links":{"self":[{"href":"https:\/\/sumvitgviva.ch\/de\/wp-json\/wp\/v2\/pages\/545"}],"collection":[{"href":"https:\/\/sumvitgviva.ch\/de\/wp-json\/wp\/v2\/pages"}],"about":[{"href":"https:\/\/sumvitgviva.ch\/de\/wp-json\/wp\/v2\/types\/page"}],"author":[{"embeddable":true,"href":"https:\/\/sumvitgviva.ch\/de\/wp-json\/wp\/v2\/users\/3"}],"replies":[{"embeddable":true,"href":"https:\/\/sumvitgviva.ch\/de\/wp-json\/wp\/v2\/comments?post=545"}],"version-history":[{"count":19,"href":"https:\/\/sumvitgviva.ch\/de\/wp-json\/wp\/v2\/pages\/545\/revisions"}],"predecessor-version":[{"id":1408,"href":"https:\/\/sumvitgviva.ch\/de\/wp-json\/wp\/v2\/pages\/545\/revisions\/1408"}],"wp:attachment":[{"href":"https:\/\/sumvitgviva.ch\/de\/wp-json\/wp\/v2\/media?parent=545"}],"curies":[{"name":"wp","href":"https:\/\/api.w.org\/{rel}","templated":true}]}}